{"id":2798,"date":"2024-07-25T23:11:48","date_gmt":"2024-07-25T21:11:48","guid":{"rendered":"https:\/\/cuscoincaexpeditions.com\/destinos\/"},"modified":"2024-07-29T16:10:40","modified_gmt":"2024-07-29T14:10:40","slug":"destinations","status":"publish","type":"page","link":"https:\/\/cuscoincaexpeditions.com\/en\/destinations\/","title":{"rendered":"Destinations"},"content":{"rendered":"<div class=\"wpb-content-wrapper\"><p>[vc_row el_class=&#8221;section-padd&#8221;][vc_column]    \n    <div class=\"section-head  \">\n                                    <h6><span>VIAJES CON CLASE<\/span><\/h6>\n                        <h2 class=\"section-title\">La diferencia de Charter Travel<\/h2>\n                        <\/div>\n\n[vc_column_text css=&#8221;.vc_custom_1720148651660{margin-bottom: 30px !important;}&#8221;]Somos una empresa y una familia de viajeros apasionados. Como empresa de viajes familiar desde hace casi unos 15 a\u00f1o, nuestros valores y nuestra visi\u00f3n siguen siendo ciertos: hacer siempre lo correcto. Entregar m\u00e1s de lo esperado. Con viajes a trav\u00e9s del Per\u00fa y el continente, en m\u00e1s de 100 destinos y a m\u00e1s de 3 pa\u00edses, seguimos avanzando para encontrar nuevas formas de mejorar las experiencias de viaje que ser\u00e1n memorables para toda la vida, y nos sentimos honrados de contar con la confianza y la satisfacci\u00f3n de los hu\u00e9spedes. Te invitamos a ver el Per\u00fa como nunca antes lo has visto.[\/vc_column_text][\/vc_column][\/vc_row][vc_row full_width=&#8221;stretch_row_content_no_spaces&#8221; css=&#8221;.vc_custom_1552904105275{padding-top: 0px !important;padding-right: 0px !important;padding-bottom: 0px !important;padding-left: 0px !important;}&#8221;][vc_column]\n    <div class=\"image-carousel has-gaps \" data-show=\"2\" data-arrow=\"true\">\n                <div>\n            <div class=\"img-item\">\n                <img loading=\"lazy\" decoding=\"async\" width=\"1216\" height=\"520\" src=\"https:\/\/cuscoincaexpeditions.com\/wp-content\/uploads\/2024\/07\/Machupicchu-con-Alpacas.jpg\" class=\"img-responsive\" alt=\"\" srcset=\"https:\/\/cuscoincaexpeditions.com\/wp-content\/uploads\/2024\/07\/Machupicchu-con-Alpacas.jpg 1216w, https:\/\/cuscoincaexpeditions.com\/wp-content\/uploads\/2024\/07\/Machupicchu-con-Alpacas-300x128.jpg 300w, https:\/\/cuscoincaexpeditions.com\/wp-content\/uploads\/2024\/07\/Machupicchu-con-Alpacas-1024x438.jpg 1024w, https:\/\/cuscoincaexpeditions.com\/wp-content\/uploads\/2024\/07\/Machupicchu-con-Alpacas-768x328.jpg 768w\" sizes=\"auto, (max-width: 1216px) 100vw, 1216px\" \/>            <\/div>\n        <\/div>\n                <div>\n            <div class=\"img-item\">\n                <img loading=\"lazy\" decoding=\"async\" width=\"1216\" height=\"520\" src=\"https:\/\/cuscoincaexpeditions.com\/wp-content\/uploads\/2024\/07\/Lago-Titicaca-Isla-de-los-Uros.jpg\" class=\"img-responsive\" alt=\"\" srcset=\"https:\/\/cuscoincaexpeditions.com\/wp-content\/uploads\/2024\/07\/Lago-Titicaca-Isla-de-los-Uros.jpg 1216w, https:\/\/cuscoincaexpeditions.com\/wp-content\/uploads\/2024\/07\/Lago-Titicaca-Isla-de-los-Uros-300x128.jpg 300w, https:\/\/cuscoincaexpeditions.com\/wp-content\/uploads\/2024\/07\/Lago-Titicaca-Isla-de-los-Uros-1024x438.jpg 1024w, https:\/\/cuscoincaexpeditions.com\/wp-content\/uploads\/2024\/07\/Lago-Titicaca-Isla-de-los-Uros-768x328.jpg 768w\" sizes=\"auto, (max-width: 1216px) 100vw, 1216px\" \/>            <\/div>\n        <\/div>\n                <div>\n            <div class=\"img-item\">\n                <img loading=\"lazy\" decoding=\"async\" width=\"1216\" height=\"520\" src=\"https:\/\/cuscoincaexpeditions.com\/wp-content\/uploads\/2024\/07\/Ninos-felices-con-una-alpaca.jpg\" class=\"img-responsive\" alt=\"\" srcset=\"https:\/\/cuscoincaexpeditions.com\/wp-content\/uploads\/2024\/07\/Ninos-felices-con-una-alpaca.jpg 1216w, https:\/\/cuscoincaexpeditions.com\/wp-content\/uploads\/2024\/07\/Ninos-felices-con-una-alpaca-300x128.jpg 300w, https:\/\/cuscoincaexpeditions.com\/wp-content\/uploads\/2024\/07\/Ninos-felices-con-una-alpaca-1024x438.jpg 1024w, https:\/\/cuscoincaexpeditions.com\/wp-content\/uploads\/2024\/07\/Ninos-felices-con-una-alpaca-768x328.jpg 768w\" sizes=\"auto, (max-width: 1216px) 100vw, 1216px\" \/>            <\/div>\n        <\/div>\n            <\/div>\n\n    [\/vc_column][\/vc_row][vc_row equal_height=&#8221;yes&#8221; el_class=&#8221;section-padd&#8221;][vc_column][vc_row_inner][vc_column_inner width=&#8221;1\/2&#8243;]    \n    <div class=\"section-head  \">\n                                    <h6><span>Charter Travel<\/span><\/h6>\n                        <h2 class=\"section-title\">Acceso \u00fanico y exclusivo<\/h2>\n                        <\/div>\n\n[vc_column_text css=&#8221;&#8221;]El acceso \u00fanico y exclusivo crea un viaje como ning\u00fan otro. No se trata s\u00f3lo de los lugares que visitas, sino de c\u00f3mo los experimentas. Con Charter ver\u00e1s el mundo de otra manera gracias a nuestro acceso exclusivo en destinos de todo el Peru. Experiencias aut\u00e9nticas que brindan acceso especial a gemas ocultas y lugares de inter\u00e9s imperdibles, en momentos del d\u00eda en que las multitudes se han ido. Que van detr\u00e1s de escena para llevarte a lugares no accesibles al p\u00fablico. Que te muestren el Peru de una manera diferente a como podr\u00edas verlo por tu cuenta y te sorprendan en el camino[\/vc_column_text][\/vc_column_inner][vc_column_inner width=&#8221;1\/2&#8243;]    \n    <div class=\"section-head  \">\n                                    <h6><span>Charter Travel<\/span><\/h6>\n                        <h2 class=\"section-title\">Conexiones m\u00e1s estrechas<\/h2>\n                        <\/div>\n\n[vc_column_text css=&#8221;&#8221;]Los mejores viajes son los que permiten establecer conexiones adecuadas, con personas locales que comparten su vida diaria, sus conocimientos culturales, secretos de la naturaleza, historias del pasado que definen el presente y habilidades especiales, y el viaje se vuelve enriquecedor y duradero. Los viajes m\u00e1s memorables no se limitan a los grandes paisajes que se ven, sino tambi\u00e9n a las peque\u00f1as experiencias que se tienen a lo largo del camino, esos encuentros personales y momentos inesperados que hacen que las visitas (y los recuerdos) sean extraordinarios.[\/vc_column_text][\/vc_column_inner][\/vc_row_inner][\/vc_column][\/vc_row][vc_row el_class=&#8221;section-padd&#8221; css=&#8221;.vc_custom_1720150923111{background-color: #6969b3 !important;}&#8221;][vc_column]    \n    <div class=\"section-head  text-center text-light\">\n                                    <h6><span>Charter Travel<\/span><\/h6>\n                        <h2 class=\"section-title\">Guiados por los mejores<\/h2>\n                        <\/div>\n\n[vc_column_text css=&#8221;&#8221; el_class=&#8221;text-blanco text-center&#8221;]El servicio personalizado y atento es el sello distintivo de nuestros coordinadores de Ch\u00e1rter Travel y de nuestros gu\u00edas locales cuidadosamente seleccionados. Juntos, brindan una experiencia de viaje enriquecedora y verdaderamente aut\u00e9ntica. Nuestros coordinadores de Ch\u00e1rter tienen un promedio de 15 a\u00f1os de servicio, provienen de diferentes regiones de nuestro pa\u00eds y en conjunto hablan un total de 8 idiomas. Su experiencia en la cultura, costumbres y tradiciones locales les permite mostrarle el mundo de maneras que usted no podr\u00eda experimentar por su cuenta&#8230; marcando la diferencia entre un viaje y el viaje de su vida.[\/vc_column_text][\/vc_column][\/vc_row][vc_row el_class=&#8221;section-padd&#8221;][vc_column]    \n    <div class=\"section-head  \">\n                                    <h6><span>Charter Travel<\/span><\/h6>\n                        <h2 class=\"section-title\">Viaja con confianza<\/h2>\n                        <\/div>\n\n[vc_column_text css=&#8221;&#8221;]Simplemente reserva tu viaje, haz las maletas y listo. Deja atr\u00e1s tus preocupaciones mientras vives unas vacaciones sin esfuerzo y con tranquilidad, ya que cuidamos todos los detalles de principio a fin. Comienza con la atenci\u00f3n y el conocimiento local de nuestros coordinadores de Ch\u00e1rter y se extiende a nuestra red de incre\u00edbles socios en todo el Continente. Nuestro experimentado Equipo est\u00e1 listo para entrar en acci\u00f3n para responder a las situaciones a medida que se desarrollan. Gestionamos lo inesperado (grande y peque\u00f1o) para que usted pueda sentarse, relajarse y disfrutar.[\/vc_column_text][\/vc_column][\/vc_row]<\/p>\n<\/div>","protected":false},"excerpt":{"rendered":"<p>[vc_row el_class=&#8221;section-padd&#8221;][vc_column][vc_column_text css=&#8221;.vc_custom_1720148651660{margin-bottom: 30px !important;}&#8221;]Somos una empresa y una familia de viajeros apasionados. Como empresa de viajes familiar desde hace casi unos 15 a\u00f1o, nuestros valores y nuestra visi\u00f3n siguen siendo ciertos: hacer siempre lo correcto. Entregar m\u00e1s de lo esperado. Con viajes a trav\u00e9s del Per\u00fa y el continente, en m\u00e1s de 100 destinos [&hellip;]<\/p>\n","protected":false},"author":1,"featured_media":0,"parent":0,"menu_order":0,"comment_status":"closed","ping_status":"closed","template":"","meta":{"footnotes":""},"class_list":["post-2798","page","type-page","status-publish","hentry"],"_links":{"self":[{"href":"https:\/\/cuscoincaexpeditions.com\/en\/wp-json\/wp\/v2\/pages\/2798","targetHints":{"allow":["GET"]}}],"collection":[{"href":"https:\/\/cuscoincaexpeditions.com\/en\/wp-json\/wp\/v2\/pages"}],"about":[{"href":"https:\/\/cuscoincaexpeditions.com\/en\/wp-json\/wp\/v2\/types\/page"}],"author":[{"embeddable":true,"href":"https:\/\/cuscoincaexpeditions.com\/en\/wp-json\/wp\/v2\/users\/1"}],"replies":[{"embeddable":true,"href":"https:\/\/cuscoincaexpeditions.com\/en\/wp-json\/wp\/v2\/comments?post=2798"}],"version-history":[{"count":0,"href":"https:\/\/cuscoincaexpeditions.com\/en\/wp-json\/wp\/v2\/pages\/2798\/revisions"}],"wp:attachment":[{"href":"https:\/\/cuscoincaexpeditions.com\/en\/wp-json\/wp\/v2\/media?parent=2798"}],"curies":[{"name":"wp","href":"https:\/\/api.w.org\/{rel}","templated":true}]}}