{"id":2829,"date":"2024-07-25T23:09:56","date_gmt":"2024-07-25T21:09:56","guid":{"rendered":"https:\/\/cuscoincaexpeditions.com\/paquetes\/"},"modified":"2026-01-30T06:57:15","modified_gmt":"2026-01-30T05:57:15","slug":"packages","status":"publish","type":"page","link":"https:\/\/cuscoincaexpeditions.com\/en\/packages\/","title":{"rendered":"Packages"},"content":{"rendered":"<div class=\"wpb-content-wrapper\"><p>[vc_row el_class=&#8221;section-padd&#8221;][vc_column]    \n    <div class=\"section-head text-center \">\n        <div class=\"style_two\">                            <h6><span>Cusco Inca Expeditions<\/span><\/h6>\n                        <h2 class=\"section-title\">Viaja con confianza<\/h2>\n                    <\/div>    <\/div>\n\n[vc_column_text css=&#8221;&#8221;]Simplemente reserva tu viaje, haz las maletas y listo. Deja atr\u00e1s tus preocupaciones mientras vives unas vacaciones sin esfuerzo y con tranquilidad, ya que cuidamos todos los detalles de principio a fin. Comienza con la atenci\u00f3n y el conocimiento local de nuestros coordinadores de Cusco Inca Expeditions y se extiende a nuestra red de incre\u00edbles socios en todo el Continente. Nuestro experimentado Equipo est\u00e1 listo para entrar en acci\u00f3n para responder a las situaciones a medida que se desarrollan. Gestionamos lo inesperado (grande y peque\u00f1o) para que usted pueda sentarse, relajarse y disfrutar.[\/vc_column_text]\n    <div class=\"project-filter \" data-column=\"2\">\n        <div id=\"projects\" class=\"project-grid projects row\">\n                    <\/div>\n    <\/div>\n\n    [\/vc_column][\/vc_row]<\/p>\n<\/div>","protected":false},"excerpt":{"rendered":"<p>[vc_row el_class=&#8221;section-padd&#8221;][vc_column][vc_column_text css=&#8221;&#8221;]Simplemente reserva tu viaje, haz las maletas y listo. Deja atr\u00e1s tus preocupaciones mientras vives unas vacaciones sin esfuerzo y con tranquilidad, ya que cuidamos todos los detalles de principio a fin. Comienza con la atenci\u00f3n y el conocimiento local de nuestros coordinadores de Cusco Inca Expeditions y se extiende a nuestra red [&hellip;]<\/p>\n","protected":false},"author":1,"featured_media":2666,"parent":0,"menu_order":0,"comment_status":"closed","ping_status":"closed","template":"","meta":{"footnotes":""},"class_list":["post-2829","page","type-page","status-publish","has-post-thumbnail","hentry"],"_links":{"self":[{"href":"https:\/\/cuscoincaexpeditions.com\/en\/wp-json\/wp\/v2\/pages\/2829","targetHints":{"allow":["GET"]}}],"collection":[{"href":"https:\/\/cuscoincaexpeditions.com\/en\/wp-json\/wp\/v2\/pages"}],"about":[{"href":"https:\/\/cuscoincaexpeditions.com\/en\/wp-json\/wp\/v2\/types\/page"}],"author":[{"embeddable":true,"href":"https:\/\/cuscoincaexpeditions.com\/en\/wp-json\/wp\/v2\/users\/1"}],"replies":[{"embeddable":true,"href":"https:\/\/cuscoincaexpeditions.com\/en\/wp-json\/wp\/v2\/comments?post=2829"}],"version-history":[{"count":0,"href":"https:\/\/cuscoincaexpeditions.com\/en\/wp-json\/wp\/v2\/pages\/2829\/revisions"}],"wp:featuredmedia":[{"embeddable":true,"href":"https:\/\/cuscoincaexpeditions.com\/en\/wp-json\/wp\/v2\/media\/2666"}],"wp:attachment":[{"href":"https:\/\/cuscoincaexpeditions.com\/en\/wp-json\/wp\/v2\/media?parent=2829"}],"curies":[{"name":"wp","href":"https:\/\/api.w.org\/{rel}","templated":true}]}}